{"id":115550,"date":"2023-07-27T18:17:18","date_gmt":"2023-07-27T15:17:18","guid":{"rendered":"https:\/\/pegasustruckparts.gr\/oroi-kai-proypotheseis\/"},"modified":"2025-10-03T11:39:08","modified_gmt":"2025-10-03T08:39:08","slug":"oroi-kai-proypotheseis","status":"publish","type":"page","link":"https:\/\/pegasustruckparts.gr\/de\/oroi-kai-proypotheseis\/","title":{"rendered":"AGB"},"content":{"rendered":"\t\t<div data-elementor-type=\"wp-page\" data-elementor-id=\"115550\" class=\"elementor elementor-115550 elementor-190\" data-elementor-post-type=\"page\">\n\t\t\t\t\t\t<section class=\"elementor-section elementor-top-section elementor-element elementor-element-789d192 elementor-section-boxed elementor-section-height-default elementor-section-height-default\" data-id=\"789d192\" data-element_type=\"section\">\n\t\t\t\t\t\t<div class=\"elementor-container elementor-column-gap-default\">\n\t\t\t\t\t<div class=\"elementor-column elementor-col-100 elementor-top-column elementor-element elementor-element-1dec8df\" data-id=\"1dec8df\" data-element_type=\"column\">\n\t\t\t<div class=\"elementor-widget-wrap elementor-element-populated\">\n\t\t\t\t\t\t<div class=\"elementor-element elementor-element-133907f elementor-widget elementor-widget-text-editor\" data-id=\"133907f\" data-element_type=\"widget\" data-widget_type=\"text-editor.default\">\n\t\t\t\t<div class=\"elementor-widget-container\">\n\t\t\t\t\t\t\t\t\t<p data-start=\"120\" data-end=\"150\"><strong data-start=\"120\" data-end=\"148\">Sicherheit &amp; Datenschutz<\/strong><\/p><p data-start=\"152\" data-end=\"377\">Alle Informationen, die sich auf die pers\u00f6nlichen Daten der Nutzer beziehen, werden gem\u00e4\u00df den geltenden Datenschutzgesetzen vertraulich behandelt. Die Sicherheit des E-Shops wird durch die folgenden Verfahren gew\u00e4hrleistet:<\/p><p data-start=\"379\" data-end=\"468\"><strong data-start=\"379\" data-end=\"399\">Kundenerkennung:<\/strong> Zur Identifikation des Nutzers\/Kunden werden zwei Codes verwendet:<\/p><p data-start=\"470\" data-end=\"522\">A) der Benutzername und<br data-start=\"493\" data-end=\"496\" \/>B) das geheime Passwort.<\/p><p data-start=\"524\" data-end=\"1270\">Jedes Mal, wenn sich der Nutzer\/Kunde registriert, erh\u00e4lt er vollst\u00e4ndigen Zugriff auf seine pers\u00f6nlichen Informationen. Es besteht die M\u00f6glichkeit, das geheime Passwort so oft zu \u00e4ndern, wie gew\u00fcnscht. Nur die betreffende Person hat Zugang zu ihren Daten \u00fcber die oben genannten Codes und ist allein verantwortlich daf\u00fcr, deren Geheimhaltung vor Dritten zu wahren. Wenn das Passwort verloren geht oder offengelegt wird, sollte der Nutzer uns informieren; andernfalls \u00fcbernehmen wir keine Verantwortung f\u00fcr die Nutzung des Passworts durch unbefugte Personen. Unser Online-Shop gibt keinerlei pers\u00f6nliche Daten oder Nutzerinformationen weiter. Pers\u00f6nliche Daten werden ausschlie\u00dflich zur ordnungsgem\u00e4\u00dfen Durchf\u00fchrung der Transaktionen verwendet.<\/p><p data-start=\"1272\" data-end=\"1429\"><strong data-start=\"1272\" data-end=\"1332\">Sicherstellung der Vertraulichkeit der Daten\u00fcbertragung:<\/strong> F\u00fcr die vertrauliche \u00dcbertragung wird das <strong data-start=\"1375\" data-end=\"1416\">SSL-128-Bit-Verschl\u00fcsselungsprotokoll<\/strong> verwendet.<\/p><p data-start=\"1431\" data-end=\"1944\"><strong data-start=\"1431\" data-end=\"1451\">Verschl\u00fcsselung:<\/strong> Vom Beginn bis zum Ende der Sitzung mit dem Online-Shop werden alle Informationen des Nutzers\/Kunden und personenbezogenen Daten mit dem 128-Bit-SSL-Verschl\u00fcsselungsprotokoll verschl\u00fcsselt. Verschl\u00fcsselung ist ein Verfahren zur Codierung von Informationen, bis sie ihren Empf\u00e4nger erreichen, der sie mit dem entsprechenden Schl\u00fcssel entschl\u00fcsseln kann. Jede Verbindung zum Online-Shop erfolgt \u00fcber eine 128-Bit-Schl\u00fcsselverschl\u00fcsselung zwischen dem Computer des Nutzers und unserer Website.<\/p><p data-start=\"1946\" data-end=\"2148\"><strong data-start=\"1946\" data-end=\"1959\">Passwort:<\/strong> F\u00fcr den Zugang zum Online-Shop verwendet der Nutzer zwei Passw\u00f6rter: den Benutzernamen und das Sicherheits-Passwort. Der Online-Shop erlaubt es, das geheime Passwort jederzeit zu \u00e4ndern.<\/p><p data-start=\"2150\" data-end=\"2747\"><strong data-start=\"2150\" data-end=\"2176\">Datenschutzrichtlinie:<\/strong> Nutzerinformationen (Name, E-Mail-Adresse, Anschrift, Festnetz, Mobiltelefon etc.) und Transaktionen von E-Shop-Nutzern werden vertraulich behandelt. Bei der Eingabe ihrer Daten stimmen die Nutzer der Verarbeitung dieser pers\u00f6nlichen Daten f\u00fcr einen reibungslosen Ablauf der Transaktionen zu und akzeptieren die Weitergabe an spezifisch definierte Empf\u00e4nger, die Mitarbeiter des Unternehmens im Rahmen der Vertragserf\u00fcllung sind. Nur autorisierte Mitarbeiter haben Zugriff auf Transaktionsinformationen und nur, wenn notwendig (z.\u202fB. zur Bearbeitung von Bestellungen).<\/p><p data-start=\"2749\" data-end=\"2993\">Unser Unternehmen verpflichtet sich, die Kundendaten und Transaktionsdetails nicht weiterzugeben, es sei denn, es liegt eine schriftliche Genehmigung vor oder es ist durch Gerichtsbeschluss oder eine andere \u00f6ffentliche Beh\u00f6rde vorgeschrieben.<\/p><hr data-start=\"2995\" data-end=\"2998\" \/><p data-start=\"3000\" data-end=\"3013\"><strong data-start=\"3000\" data-end=\"3011\">Cookies<\/strong><\/p><p data-start=\"3015\" data-end=\"3428\">Wir verwenden Cookies, um die bestm\u00f6gliche Nutzung unserer Website zu gew\u00e4hrleisten, die Navigation zu erleichtern und Werbeinhalte bereitzustellen. Cookies helfen auch, die Nutzung der Website zu analysieren, z.\u202fB. wie Besucher die Seite verwenden oder auf Probleme sto\u00dfen. Alle durch Cookies gesammelten Informationen sind anonym und dienen ausschlie\u00dflich der Verbesserung von Struktur und Inhalt der Website.<\/p><p data-start=\"3430\" data-end=\"3710\">Cookies werden auf dem Computer des Nutzers gespeichert und k\u00f6nnen jederzeit gel\u00f6scht werden. In jedem Browser unter \u201eEinstellungen\u201c oder \u201eDatenschutz &amp; Sicherheit\u201c finden Sie Ihren Verlauf und k\u00f6nnen Cookies l\u00f6schen. Cookies speichern keine E-Mail-Adressen oder Telefonnummern.<\/p><p data-start=\"3712\" data-end=\"3755\"><strong data-start=\"3712\" data-end=\"3753\">Arten von Cookies, die wir verwenden:<\/strong><\/p><p data-start=\"3757\" data-end=\"4043\">A) <strong data-start=\"3760\" data-end=\"3795\">Unbedingt erforderliche Cookies<\/strong><br data-start=\"3795\" data-end=\"3798\" \/>Diese Cookies sind notwendig f\u00fcr den Betrieb der Website und die Nutzung ihrer Funktionen, z.\u202fB. Zugang zu gesch\u00fctzten Bereichen. Ohne diese Cookies k\u00f6nnen bestimmte Dienste wie Warenkorb oder elektronische Zahlung nicht bereitgestellt werden.<\/p><p data-start=\"4045\" data-end=\"4318\">B) <strong data-start=\"4048\" data-end=\"4071\">Performance-Cookies<\/strong><br data-start=\"4071\" data-end=\"4074\" \/>Diese Cookies sammeln Informationen dar\u00fcber, wie Besucher die Webseite nutzen, z.\u202fB. welche Seiten h\u00e4ufiger besucht werden und ob Fehler auftreten. Diese Daten sind anonym und dienen ausschlie\u00dflich der Verbesserung der Website-Funktionalit\u00e4t.<\/p><p data-start=\"4320\" data-end=\"4538\">C) <strong data-start=\"4323\" data-end=\"4344\">Funktions-Cookies<\/strong><br data-start=\"4344\" data-end=\"4347\" \/>Diese Cookies erm\u00f6glichen es der Website, sich an die vom Nutzer getroffenen Einstellungen zu erinnern und personalisierte Funktionen bereitzustellen, z.\u202fB. Chat- oder Social-Media-Dienste.<\/p><p data-start=\"4540\" data-end=\"4805\">D) <strong data-start=\"4543\" data-end=\"4576\">Targeting\/Advertising-Cookies<\/strong><br data-start=\"4576\" data-end=\"4579\" \/>Diese Cookies dienen dazu, dem Nutzer relevantere Werbung zu zeigen (z.\u202fB. Google AdWords, Facebook) und die Effektivit\u00e4t von Kampagnen zu messen. Sie merken sich Website-Besuche und teilen diese Daten mit Marketingpartnern.<\/p><p data-start=\"4807\" data-end=\"4942\">Durch das Deaktivieren von Cookies oder den Widerruf der Zustimmung sind bestimmte Website-Funktionen m\u00f6glicherweise nicht verf\u00fcgbar.<\/p><hr data-start=\"4944\" data-end=\"4947\" \/><p data-start=\"4949\" data-end=\"4986\"><strong data-start=\"4949\" data-end=\"4984\">L\u00f6schen personenbezogener Daten<\/strong><\/p><p data-start=\"4988\" data-end=\"5098\">Auf Anfrage des Nutzers werden alle pers\u00f6nlichen Daten dauerhaft gel\u00f6scht und nicht an Dritte weitergegeben.<\/p>\t\t\t\t\t\t\t\t<\/div>\n\t\t\t\t<\/div>\n\t\t\t\t\t<\/div>\n\t\t<\/div>\n\t\t\t\t\t<\/div>\n\t\t<\/section>\n\t\t\t\t<\/div>\n\t\t","protected":false},"excerpt":{"rendered":"<p>Sicherheit &amp; Datenschutz Alle Informationen, die sich auf die pers\u00f6nlichen Daten der Nutzer beziehen, werden gem\u00e4\u00df den geltenden Datenschutzgesetzen vertraulich behandelt. Die Sicherheit des E-Shops wird durch die folgenden Verfahren gew\u00e4hrleistet: Kundenerkennung: Zur Identifikation des Nutzers\/Kunden werden zwei Codes verwendet: A) der Benutzername undB) das geheime Passwort. Jedes Mal, wenn sich der Nutzer\/Kunde registriert, erh\u00e4lt [&hellip;]<\/p>\n","protected":false},"author":1,"featured_media":0,"parent":0,"menu_order":0,"comment_status":"closed","ping_status":"closed","template":"","meta":{"_acf_changed":false,"site-sidebar-layout":"no-sidebar","site-content-layout":"page-builder","ast-site-content-layout":"default","site-content-style":"default","site-sidebar-style":"default","ast-global-header-display":"","ast-banner-title-visibility":"","ast-main-header-display":"","ast-hfb-above-header-display":"","ast-hfb-below-header-display":"","ast-hfb-mobile-header-display":"","site-post-title":"disabled","ast-breadcrumbs-content":"","ast-featured-img":"disabled","footer-sml-layout":"","theme-transparent-header-meta":"","adv-header-id-meta":"","stick-header-meta":"","header-above-stick-meta":"","header-main-stick-meta":"","header-below-stick-meta":"","astra-migrate-meta-layouts":"set","ast-page-background-enabled":"default","ast-page-background-meta":{"desktop":{"background-color":"var(--ast-global-color-4)","background-image":"","background-repeat":"repeat","background-position":"center center","background-size":"auto","background-attachment":"scroll","background-type":"","background-media":"","overlay-type":"","overlay-color":"","overlay-opacity":"","overlay-gradient":""},"tablet":{"background-color":"","background-image":"","background-repeat":"repeat","background-position":"center center","background-size":"auto","background-attachment":"scroll","background-type":"","background-media":"","overlay-type":"","overlay-color":"","overlay-opacity":"","overlay-gradient":""},"mobile":{"background-color":"","background-image":"","background-repeat":"repeat","background-position":"center center","background-size":"auto","background-attachment":"scroll","background-type":"","background-media":"","overlay-type":"","overlay-color":"","overlay-opacity":"","overlay-gradient":""}},"ast-content-background-meta":{"desktop":{"background-color":"var(--ast-global-color-5)","background-image":"","background-repeat":"repeat","background-position":"center center","background-size":"auto","background-attachment":"scroll","background-type":"","background-media":"","overlay-type":"","overlay-color":"","overlay-opacity":"","overlay-gradient":""},"tablet":{"background-color":"var(--ast-global-color-5)","background-image":"","background-repeat":"repeat","background-position":"center center","background-size":"auto","background-attachment":"scroll","background-type":"","background-media":"","overlay-type":"","overlay-color":"","overlay-opacity":"","overlay-gradient":""},"mobile":{"background-color":"var(--ast-global-color-5)","background-image":"","background-repeat":"repeat","background-position":"center center","background-size":"auto","background-attachment":"scroll","background-type":"","background-media":"","overlay-type":"","overlay-color":"","overlay-opacity":"","overlay-gradient":""}},"footnotes":""},"class_list":["post-115550","page","type-page","status-publish","hentry"],"acf":[],"yoast_head":"<!-- This site is optimized with the Yoast SEO plugin v26.0 - https:\/\/yoast.com\/wordpress\/plugins\/seo\/ -->\n<title>AGB - Pegasus Truck Parts<\/title>\n<meta name=\"description\" content=\"\u0397 \u00ab\u0393. \u0391\u039b\u0395\u039e\u039f\u03a0\u039f\u03a5\u039b\u039f\u03a3 \u0391.\u0395.\u00bb \u03b1\u03c3\u03c7\u03bf\u03bb\u03b5\u03af\u03c4\u03b1\u03b9 \u03bc\u03b5 \u03c4\u03b7\u03bd \u03b5\u03b9\u03c3\u03b1\u03b3\u03c9\u03b3\u03ae \u03b1\u03bd\u03c4\u03b1\u03bb\u03bb\u03b1\u03ba\u03c4\u03b9\u03ba\u03ce\u03bd \u03b3\u03b9\u03b1 \u03c6\u03bf\u03c1\u03c4\u03ae\u03b3\u03b1 \u03b1\u03c0\u03cc \u03c4\u03bf\u03c5\u03c2 \u03bc\u03b5\u03b3\u03b1\u03bb\u03cd\u03c4\u03b5\u03c1\u03bf\u03c5\u03c2 \u03bf\u03af\u03ba\u03bf\u03c5\u03c2 \u03c4\u03bf\u03c5 \u03b5\u03be\u03c9\u03c4\u03b5\u03c1\u03b9\u03ba\u03bf\u03cd.\" \/>\n<meta name=\"robots\" content=\"index, follow, max-snippet:-1, max-image-preview:large, max-video-preview:-1\" \/>\n<link rel=\"canonical\" href=\"https:\/\/pegasustruckparts.gr\/de\/oroi-kai-proypotheseis\/\" \/>\n<meta property=\"og:locale\" content=\"de_DE\" \/>\n<meta property=\"og:type\" content=\"article\" \/>\n<meta property=\"og:title\" content=\"AGB - Pegasus Truck Parts\" \/>\n<meta property=\"og:description\" content=\"\u0397 \u00ab\u0393. \u0391\u039b\u0395\u039e\u039f\u03a0\u039f\u03a5\u039b\u039f\u03a3 \u0391.\u0395.\u00bb \u03b1\u03c3\u03c7\u03bf\u03bb\u03b5\u03af\u03c4\u03b1\u03b9 \u03bc\u03b5 \u03c4\u03b7\u03bd \u03b5\u03b9\u03c3\u03b1\u03b3\u03c9\u03b3\u03ae \u03b1\u03bd\u03c4\u03b1\u03bb\u03bb\u03b1\u03ba\u03c4\u03b9\u03ba\u03ce\u03bd \u03b3\u03b9\u03b1 \u03c6\u03bf\u03c1\u03c4\u03ae\u03b3\u03b1 \u03b1\u03c0\u03cc \u03c4\u03bf\u03c5\u03c2 \u03bc\u03b5\u03b3\u03b1\u03bb\u03cd\u03c4\u03b5\u03c1\u03bf\u03c5\u03c2 \u03bf\u03af\u03ba\u03bf\u03c5\u03c2 \u03c4\u03bf\u03c5 \u03b5\u03be\u03c9\u03c4\u03b5\u03c1\u03b9\u03ba\u03bf\u03cd.\" \/>\n<meta property=\"og:url\" content=\"https:\/\/pegasustruckparts.gr\/de\/oroi-kai-proypotheseis\/\" \/>\n<meta property=\"og:site_name\" content=\"Pegasus Truck Parts\" \/>\n<meta property=\"article:modified_time\" content=\"2025-10-03T08:39:08+00:00\" \/>\n<meta name=\"twitter:card\" content=\"summary_large_image\" \/>\n<meta name=\"twitter:label1\" content=\"Gesch\u00e4tzte Lesezeit\" \/>\n\t<meta name=\"twitter:data1\" content=\"4\u00a0Minuten\" \/>\n<script type=\"application\/ld+json\" class=\"yoast-schema-graph\">{\"@context\":\"https:\/\/schema.org\",\"@graph\":[{\"@type\":\"WebPage\",\"@id\":\"https:\/\/pegasustruckparts.gr\/de\/oroi-kai-proypotheseis\/\",\"url\":\"https:\/\/pegasustruckparts.gr\/de\/oroi-kai-proypotheseis\/\",\"name\":\"AGB - Pegasus Truck Parts\",\"isPartOf\":{\"@id\":\"https:\/\/pegasustruckparts.gr\/de\/#website\"},\"datePublished\":\"2023-07-27T15:17:18+00:00\",\"dateModified\":\"2025-10-03T08:39:08+00:00\",\"description\":\"\u0397 \u00ab\u0393. \u0391\u039b\u0395\u039e\u039f\u03a0\u039f\u03a5\u039b\u039f\u03a3 \u0391.\u0395.\u00bb \u03b1\u03c3\u03c7\u03bf\u03bb\u03b5\u03af\u03c4\u03b1\u03b9 \u03bc\u03b5 \u03c4\u03b7\u03bd \u03b5\u03b9\u03c3\u03b1\u03b3\u03c9\u03b3\u03ae \u03b1\u03bd\u03c4\u03b1\u03bb\u03bb\u03b1\u03ba\u03c4\u03b9\u03ba\u03ce\u03bd \u03b3\u03b9\u03b1 \u03c6\u03bf\u03c1\u03c4\u03ae\u03b3\u03b1 \u03b1\u03c0\u03cc \u03c4\u03bf\u03c5\u03c2 \u03bc\u03b5\u03b3\u03b1\u03bb\u03cd\u03c4\u03b5\u03c1\u03bf\u03c5\u03c2 \u03bf\u03af\u03ba\u03bf\u03c5\u03c2 \u03c4\u03bf\u03c5 \u03b5\u03be\u03c9\u03c4\u03b5\u03c1\u03b9\u03ba\u03bf\u03cd.\",\"breadcrumb\":{\"@id\":\"https:\/\/pegasustruckparts.gr\/de\/oroi-kai-proypotheseis\/#breadcrumb\"},\"inLanguage\":\"de\",\"potentialAction\":[{\"@type\":\"ReadAction\",\"target\":[\"https:\/\/pegasustruckparts.gr\/de\/oroi-kai-proypotheseis\/\"]}]},{\"@type\":\"BreadcrumbList\",\"@id\":\"https:\/\/pegasustruckparts.gr\/de\/oroi-kai-proypotheseis\/#breadcrumb\",\"itemListElement\":[{\"@type\":\"ListItem\",\"position\":1,\"name\":\"\u0391\u03c1\u03c7\u03b9\u03ba\u03ae\",\"item\":\"https:\/\/pegasustruckparts.gr\/de\/archiki\/\"},{\"@type\":\"ListItem\",\"position\":2,\"name\":\"AGB\"}]},{\"@type\":\"WebSite\",\"@id\":\"https:\/\/pegasustruckparts.gr\/de\/#website\",\"url\":\"https:\/\/pegasustruckparts.gr\/de\/\",\"name\":\"Pegasus Truck Parts\",\"description\":\"\",\"publisher\":{\"@id\":\"https:\/\/pegasustruckparts.gr\/de\/#organization\"},\"potentialAction\":[{\"@type\":\"SearchAction\",\"target\":{\"@type\":\"EntryPoint\",\"urlTemplate\":\"https:\/\/pegasustruckparts.gr\/de\/?s={search_term_string}\"},\"query-input\":{\"@type\":\"PropertyValueSpecification\",\"valueRequired\":true,\"valueName\":\"search_term_string\"}}],\"inLanguage\":\"de\"},{\"@type\":\"Organization\",\"@id\":\"https:\/\/pegasustruckparts.gr\/de\/#organization\",\"name\":\"Pegasus Truck Parts\",\"url\":\"https:\/\/pegasustruckparts.gr\/de\/\",\"logo\":{\"@type\":\"ImageObject\",\"inLanguage\":\"de\",\"@id\":\"https:\/\/pegasustruckparts.gr\/de\/#\/schema\/logo\/image\/\",\"url\":\"https:\/\/pegasustruckparts.gr\/wp-content\/uploads\/2023\/07\/logotype-pegasus.svg\",\"contentUrl\":\"https:\/\/pegasustruckparts.gr\/wp-content\/uploads\/2023\/07\/logotype-pegasus.svg\",\"width\":208,\"height\":66,\"caption\":\"Pegasus Truck Parts\"},\"image\":{\"@id\":\"https:\/\/pegasustruckparts.gr\/de\/#\/schema\/logo\/image\/\"}}]}<\/script>\n<!-- \/ Yoast SEO plugin. -->","yoast_head_json":{"title":"AGB - Pegasus Truck Parts","description":"\u0397 \u00ab\u0393. \u0391\u039b\u0395\u039e\u039f\u03a0\u039f\u03a5\u039b\u039f\u03a3 \u0391.\u0395.\u00bb \u03b1\u03c3\u03c7\u03bf\u03bb\u03b5\u03af\u03c4\u03b1\u03b9 \u03bc\u03b5 \u03c4\u03b7\u03bd \u03b5\u03b9\u03c3\u03b1\u03b3\u03c9\u03b3\u03ae \u03b1\u03bd\u03c4\u03b1\u03bb\u03bb\u03b1\u03ba\u03c4\u03b9\u03ba\u03ce\u03bd \u03b3\u03b9\u03b1 \u03c6\u03bf\u03c1\u03c4\u03ae\u03b3\u03b1 \u03b1\u03c0\u03cc \u03c4\u03bf\u03c5\u03c2 \u03bc\u03b5\u03b3\u03b1\u03bb\u03cd\u03c4\u03b5\u03c1\u03bf\u03c5\u03c2 \u03bf\u03af\u03ba\u03bf\u03c5\u03c2 \u03c4\u03bf\u03c5 \u03b5\u03be\u03c9\u03c4\u03b5\u03c1\u03b9\u03ba\u03bf\u03cd.","robots":{"index":"index","follow":"follow","max-snippet":"max-snippet:-1","max-image-preview":"max-image-preview:large","max-video-preview":"max-video-preview:-1"},"canonical":"https:\/\/pegasustruckparts.gr\/de\/oroi-kai-proypotheseis\/","og_locale":"de_DE","og_type":"article","og_title":"AGB - Pegasus Truck Parts","og_description":"\u0397 \u00ab\u0393. \u0391\u039b\u0395\u039e\u039f\u03a0\u039f\u03a5\u039b\u039f\u03a3 \u0391.\u0395.\u00bb \u03b1\u03c3\u03c7\u03bf\u03bb\u03b5\u03af\u03c4\u03b1\u03b9 \u03bc\u03b5 \u03c4\u03b7\u03bd \u03b5\u03b9\u03c3\u03b1\u03b3\u03c9\u03b3\u03ae \u03b1\u03bd\u03c4\u03b1\u03bb\u03bb\u03b1\u03ba\u03c4\u03b9\u03ba\u03ce\u03bd \u03b3\u03b9\u03b1 \u03c6\u03bf\u03c1\u03c4\u03ae\u03b3\u03b1 \u03b1\u03c0\u03cc \u03c4\u03bf\u03c5\u03c2 \u03bc\u03b5\u03b3\u03b1\u03bb\u03cd\u03c4\u03b5\u03c1\u03bf\u03c5\u03c2 \u03bf\u03af\u03ba\u03bf\u03c5\u03c2 \u03c4\u03bf\u03c5 \u03b5\u03be\u03c9\u03c4\u03b5\u03c1\u03b9\u03ba\u03bf\u03cd.","og_url":"https:\/\/pegasustruckparts.gr\/de\/oroi-kai-proypotheseis\/","og_site_name":"Pegasus Truck Parts","article_modified_time":"2025-10-03T08:39:08+00:00","twitter_card":"summary_large_image","twitter_misc":{"Gesch\u00e4tzte Lesezeit":"4\u00a0Minuten"},"schema":{"@context":"https:\/\/schema.org","@graph":[{"@type":"WebPage","@id":"https:\/\/pegasustruckparts.gr\/de\/oroi-kai-proypotheseis\/","url":"https:\/\/pegasustruckparts.gr\/de\/oroi-kai-proypotheseis\/","name":"AGB - Pegasus Truck Parts","isPartOf":{"@id":"https:\/\/pegasustruckparts.gr\/de\/#website"},"datePublished":"2023-07-27T15:17:18+00:00","dateModified":"2025-10-03T08:39:08+00:00","description":"\u0397 \u00ab\u0393. \u0391\u039b\u0395\u039e\u039f\u03a0\u039f\u03a5\u039b\u039f\u03a3 \u0391.\u0395.\u00bb \u03b1\u03c3\u03c7\u03bf\u03bb\u03b5\u03af\u03c4\u03b1\u03b9 \u03bc\u03b5 \u03c4\u03b7\u03bd \u03b5\u03b9\u03c3\u03b1\u03b3\u03c9\u03b3\u03ae \u03b1\u03bd\u03c4\u03b1\u03bb\u03bb\u03b1\u03ba\u03c4\u03b9\u03ba\u03ce\u03bd \u03b3\u03b9\u03b1 \u03c6\u03bf\u03c1\u03c4\u03ae\u03b3\u03b1 \u03b1\u03c0\u03cc \u03c4\u03bf\u03c5\u03c2 \u03bc\u03b5\u03b3\u03b1\u03bb\u03cd\u03c4\u03b5\u03c1\u03bf\u03c5\u03c2 \u03bf\u03af\u03ba\u03bf\u03c5\u03c2 \u03c4\u03bf\u03c5 \u03b5\u03be\u03c9\u03c4\u03b5\u03c1\u03b9\u03ba\u03bf\u03cd.","breadcrumb":{"@id":"https:\/\/pegasustruckparts.gr\/de\/oroi-kai-proypotheseis\/#breadcrumb"},"inLanguage":"de","potentialAction":[{"@type":"ReadAction","target":["https:\/\/pegasustruckparts.gr\/de\/oroi-kai-proypotheseis\/"]}]},{"@type":"BreadcrumbList","@id":"https:\/\/pegasustruckparts.gr\/de\/oroi-kai-proypotheseis\/#breadcrumb","itemListElement":[{"@type":"ListItem","position":1,"name":"\u0391\u03c1\u03c7\u03b9\u03ba\u03ae","item":"https:\/\/pegasustruckparts.gr\/de\/archiki\/"},{"@type":"ListItem","position":2,"name":"AGB"}]},{"@type":"WebSite","@id":"https:\/\/pegasustruckparts.gr\/de\/#website","url":"https:\/\/pegasustruckparts.gr\/de\/","name":"Pegasus Truck Parts","description":"","publisher":{"@id":"https:\/\/pegasustruckparts.gr\/de\/#organization"},"potentialAction":[{"@type":"SearchAction","target":{"@type":"EntryPoint","urlTemplate":"https:\/\/pegasustruckparts.gr\/de\/?s={search_term_string}"},"query-input":{"@type":"PropertyValueSpecification","valueRequired":true,"valueName":"search_term_string"}}],"inLanguage":"de"},{"@type":"Organization","@id":"https:\/\/pegasustruckparts.gr\/de\/#organization","name":"Pegasus Truck Parts","url":"https:\/\/pegasustruckparts.gr\/de\/","logo":{"@type":"ImageObject","inLanguage":"de","@id":"https:\/\/pegasustruckparts.gr\/de\/#\/schema\/logo\/image\/","url":"https:\/\/pegasustruckparts.gr\/wp-content\/uploads\/2023\/07\/logotype-pegasus.svg","contentUrl":"https:\/\/pegasustruckparts.gr\/wp-content\/uploads\/2023\/07\/logotype-pegasus.svg","width":208,"height":66,"caption":"Pegasus Truck Parts"},"image":{"@id":"https:\/\/pegasustruckparts.gr\/de\/#\/schema\/logo\/image\/"}}]}},"_links":{"self":[{"href":"https:\/\/pegasustruckparts.gr\/de\/wp-json\/wp\/v2\/pages\/115550","targetHints":{"allow":["GET"]}}],"collection":[{"href":"https:\/\/pegasustruckparts.gr\/de\/wp-json\/wp\/v2\/pages"}],"about":[{"href":"https:\/\/pegasustruckparts.gr\/de\/wp-json\/wp\/v2\/types\/page"}],"author":[{"embeddable":true,"href":"https:\/\/pegasustruckparts.gr\/de\/wp-json\/wp\/v2\/users\/1"}],"replies":[{"embeddable":true,"href":"https:\/\/pegasustruckparts.gr\/de\/wp-json\/wp\/v2\/comments?post=115550"}],"version-history":[{"count":4,"href":"https:\/\/pegasustruckparts.gr\/de\/wp-json\/wp\/v2\/pages\/115550\/revisions"}],"predecessor-version":[{"id":115759,"href":"https:\/\/pegasustruckparts.gr\/de\/wp-json\/wp\/v2\/pages\/115550\/revisions\/115759"}],"wp:attachment":[{"href":"https:\/\/pegasustruckparts.gr\/de\/wp-json\/wp\/v2\/media?parent=115550"}],"curies":[{"name":"wp","href":"https:\/\/api.w.org\/{rel}","templated":true}]}}