{"id":115543,"date":"2023-09-12T21:26:58","date_gmt":"2023-09-12T18:26:58","guid":{"rendered":"https:\/\/pegasustruckparts.gr\/etairia\/"},"modified":"2025-10-03T10:43:23","modified_gmt":"2025-10-03T07:43:23","slug":"etairia","status":"publish","type":"page","link":"https:\/\/pegasustruckparts.gr\/de\/etairia\/","title":{"rendered":"Unternehmen"},"content":{"rendered":"\t\t<div data-elementor-type=\"wp-page\" data-elementor-id=\"115543\" class=\"elementor elementor-115543 elementor-1098\" data-elementor-post-type=\"page\">\n\t\t\t\t\t\t<section class=\"elementor-section elementor-top-section elementor-element elementor-element-57aadd7 elementor-section-boxed elementor-section-height-default elementor-section-height-default\" data-id=\"57aadd7\" data-element_type=\"section\">\n\t\t\t\t\t\t<div class=\"elementor-container elementor-column-gap-default\">\n\t\t\t\t\t<div class=\"elementor-column elementor-col-100 elementor-top-column elementor-element elementor-element-dfffa37\" data-id=\"dfffa37\" data-element_type=\"column\">\n\t\t\t<div class=\"elementor-widget-wrap elementor-element-populated\">\n\t\t\t\t\t\t<div class=\"elementor-element elementor-element-abeaf52 elementor-widget elementor-widget-heading\" data-id=\"abeaf52\" data-element_type=\"widget\" data-widget_type=\"heading.default\">\n\t\t\t\t<div class=\"elementor-widget-container\">\n\t\t\t\t\t<h2 class=\"elementor-heading-title elementor-size-default\">COMPANY<\/h2>\t\t\t\t<\/div>\n\t\t\t\t<\/div>\n\t\t\t\t\t<\/div>\n\t\t<\/div>\n\t\t\t\t\t<\/div>\n\t\t<\/section>\n\t\t\t\t<section class=\"elementor-section elementor-top-section elementor-element elementor-element-af09941 elementor-section-boxed elementor-section-height-default elementor-section-height-default\" data-id=\"af09941\" data-element_type=\"section\">\n\t\t\t\t\t\t<div class=\"elementor-container elementor-column-gap-default\">\n\t\t\t\t\t<div class=\"elementor-column elementor-col-50 elementor-top-column elementor-element elementor-element-c0ccfc6\" data-id=\"c0ccfc6\" data-element_type=\"column\">\n\t\t\t<div class=\"elementor-widget-wrap elementor-element-populated\">\n\t\t\t\t\t\t<div class=\"elementor-element elementor-element-3345f29 elementor-widget elementor-widget-text-editor\" data-id=\"3345f29\" data-element_type=\"widget\" data-widget_type=\"text-editor.default\">\n\t\t\t\t<div class=\"elementor-widget-container\">\n\t\t\t\t\t\t\t\t\t<p style=\"font-weight: 400;\"><strong>G. ALEXOPOULOS S.A<\/strong>.\u201c wurde <strong>1954<\/strong> von Georgios Tzanidakis mit dem Hauptziel gegr\u00fcndet, den Bedarf an hochwertiger Kupplungs\u00fcberholung zu decken. Anfang der 2000er Jahre wurde das Unternehmen an die dritte Generation, an Georgios Alexopoulos, \u00fcbergeben und schaffte es in sehr kurzer Zeit, einen gro\u00dfen Marktanteil im Bereich der Nutzfahrzeug-Ersatzteile zu gewinnen. Heute bietet \u201eG. ALEXOPOULOS S.A.\u201c mit 2 Verkaufsstellen (Athen &amp; Thessaloniki) das umfangreichste Sortiment an Ersatzteilen f\u00fcr: K\u00fchlsysteme, Lenkung, Aufh\u00e4ngung, Kabine, Abgasanlage, Motor, Bremssystem, Turbolader, Filter, etc.<\/p>\t\t\t\t\t\t\t\t<\/div>\n\t\t\t\t<\/div>\n\t\t\t\t\t<\/div>\n\t\t<\/div>\n\t\t\t\t<div class=\"elementor-column elementor-col-50 elementor-top-column elementor-element elementor-element-67d1b95\" data-id=\"67d1b95\" data-element_type=\"column\">\n\t\t\t<div class=\"elementor-widget-wrap elementor-element-populated\">\n\t\t\t\t\t\t<div class=\"elementor-element elementor-element-b181703 elementor-widget elementor-widget-image\" data-id=\"b181703\" data-element_type=\"widget\" data-widget_type=\"image.default\">\n\t\t\t\t<div class=\"elementor-widget-container\">\n\t\t\t\t\t\t\t\t\t\t\t\t\t\t\t<img fetchpriority=\"high\" decoding=\"async\" width=\"271\" height=\"300\" src=\"https:\/\/pegasustruckparts.gr\/wp-content\/uploads\/2023\/09\/\u0399\u03b4\u03c1\u03c5\u03c4\u03ae\u03c2-271x300.jpg\" class=\"attachment-medium size-medium wp-image-115544\" alt=\"\" srcset=\"https:\/\/pegasustruckparts.gr\/wp-content\/uploads\/2023\/09\/\u0399\u03b4\u03c1\u03c5\u03c4\u03ae\u03c2-271x300.jpg 271w, https:\/\/pegasustruckparts.gr\/wp-content\/uploads\/2023\/09\/\u0399\u03b4\u03c1\u03c5\u03c4\u03ae\u03c2-925x1024.jpg 925w, https:\/\/pegasustruckparts.gr\/wp-content\/uploads\/2023\/09\/\u0399\u03b4\u03c1\u03c5\u03c4\u03ae\u03c2-768x850.jpg 768w, https:\/\/pegasustruckparts.gr\/wp-content\/uploads\/2023\/09\/\u0399\u03b4\u03c1\u03c5\u03c4\u03ae\u03c2-600x664.jpg 600w, https:\/\/pegasustruckparts.gr\/wp-content\/uploads\/2023\/09\/\u0399\u03b4\u03c1\u03c5\u03c4\u03ae\u03c2.jpg 1120w\" sizes=\"(max-width: 271px) 100vw, 271px\" \/>\t\t\t\t\t\t\t\t\t\t\t\t\t\t\t<\/div>\n\t\t\t\t<\/div>\n\t\t\t\t\t<\/div>\n\t\t<\/div>\n\t\t\t\t\t<\/div>\n\t\t<\/section>\n\t\t\t\t<section class=\"elementor-section elementor-top-section elementor-element elementor-element-c96e709 elementor-section-boxed elementor-section-height-default elementor-section-height-default\" data-id=\"c96e709\" data-element_type=\"section\">\n\t\t\t\t\t\t<div class=\"elementor-container elementor-column-gap-default\">\n\t\t\t\t\t<div class=\"elementor-column elementor-col-100 elementor-top-column elementor-element elementor-element-dabdfa2\" data-id=\"dabdfa2\" data-element_type=\"column\">\n\t\t\t<div class=\"elementor-widget-wrap elementor-element-populated\">\n\t\t\t\t\t\t<div class=\"elementor-element elementor-element-499fab6 elementor-widget elementor-widget-text-editor\" data-id=\"499fab6\" data-element_type=\"widget\" data-widget_type=\"text-editor.default\">\n\t\t\t\t<div class=\"elementor-widget-container\">\n\t\t\t\t\t\t\t\t\t<p style=\"font-weight: 400;\">Gleichzeitig investiert das Unternehmen in die Schulung seines Personals und in die Innovation seiner Dienstleistungen, wobei es stets die sehr hohen Standards beibeh\u00e4lt, die es auf dem Markt etabliert haben.<\/p>\t\t\t\t\t\t\t\t<\/div>\n\t\t\t\t<\/div>\n\t\t\t\t\t<\/div>\n\t\t<\/div>\n\t\t\t\t\t<\/div>\n\t\t<\/section>\n\t\t\t\t<section class=\"elementor-section elementor-top-section elementor-element elementor-element-fc19f06 elementor-section-boxed elementor-section-height-default elementor-section-height-default\" data-id=\"fc19f06\" data-element_type=\"section\">\n\t\t\t\t\t\t<div class=\"elementor-container elementor-column-gap-default\">\n\t\t\t\t\t<div class=\"elementor-column elementor-col-50 elementor-top-column elementor-element elementor-element-6e1869b\" data-id=\"6e1869b\" data-element_type=\"column\">\n\t\t\t<div class=\"elementor-widget-wrap elementor-element-populated\">\n\t\t\t\t\t\t<div class=\"elementor-element elementor-element-4279beb elementor-widget elementor-widget-text-editor\" data-id=\"4279beb\" data-element_type=\"widget\" data-widget_type=\"text-editor.default\">\n\t\t\t\t<div class=\"elementor-widget-container\">\n\t\t\t\t\t\t\t\t\t<p style=\"font-weight: 400;\"><strong>Wir garantieren:<\/strong><\/p><ul><li>Gut ausgebildete und erfahrene Verk\u00e4ufer mit umfassenden Marktkenntnissen.<\/li><li>Direkter Service in ganz Griechenland durch unsere eigene PKW- und Kleintransporterflotte.<\/li><li>Vollst\u00e4ndige Lagerung von Ersatzteilen in modernen 4.000 m\u00b2 gro\u00dfen Anlagen in Athen &amp; Thessaloniki.<\/li><li>Kurierlieferdienst aus Deutschland innerhalb von 2 Tagen.<\/li><li>Ausgezeichnete Qualit\u00e4t zu den g\u00fcnstigsten Marktpreisen.<\/li><\/ul>\t\t\t\t\t\t\t\t<\/div>\n\t\t\t\t<\/div>\n\t\t\t\t\t<\/div>\n\t\t<\/div>\n\t\t\t\t<div class=\"elementor-column elementor-col-50 elementor-top-column elementor-element elementor-element-0ed47b6\" data-id=\"0ed47b6\" data-element_type=\"column\">\n\t\t\t<div class=\"elementor-widget-wrap elementor-element-populated\">\n\t\t\t\t\t\t<div class=\"elementor-element elementor-element-8e682ee elementor-widget elementor-widget-image\" data-id=\"8e682ee\" data-element_type=\"widget\" data-widget_type=\"image.default\">\n\t\t\t\t<div class=\"elementor-widget-container\">\n\t\t\t\t\t\t\t\t\t\t\t\t\t\t\t<img decoding=\"async\" width=\"1024\" height=\"657\" src=\"https:\/\/pegasustruckparts.gr\/wp-content\/uploads\/2023\/09\/\u0395\u03c4\u03b1\u03b9\u03c1\u03af\u03b1-2-1024x657.jpg\" class=\"attachment-large size-large wp-image-115605\" alt=\"\" srcset=\"https:\/\/pegasustruckparts.gr\/wp-content\/uploads\/2023\/09\/\u0395\u03c4\u03b1\u03b9\u03c1\u03af\u03b1-2-1024x657.jpg 1024w, https:\/\/pegasustruckparts.gr\/wp-content\/uploads\/2023\/09\/\u0395\u03c4\u03b1\u03b9\u03c1\u03af\u03b1-2-300x192.jpg 300w, https:\/\/pegasustruckparts.gr\/wp-content\/uploads\/2023\/09\/\u0395\u03c4\u03b1\u03b9\u03c1\u03af\u03b1-2-768x492.jpg 768w, https:\/\/pegasustruckparts.gr\/wp-content\/uploads\/2023\/09\/\u0395\u03c4\u03b1\u03b9\u03c1\u03af\u03b1-2-1536x985.jpg 1536w, https:\/\/pegasustruckparts.gr\/wp-content\/uploads\/2023\/09\/\u0395\u03c4\u03b1\u03b9\u03c1\u03af\u03b1-2-600x385.jpg 600w, https:\/\/pegasustruckparts.gr\/wp-content\/uploads\/2023\/09\/\u0395\u03c4\u03b1\u03b9\u03c1\u03af\u03b1-2.jpg 2040w\" sizes=\"(max-width: 1024px) 100vw, 1024px\" \/>\t\t\t\t\t\t\t\t\t\t\t\t\t\t\t<\/div>\n\t\t\t\t<\/div>\n\t\t\t\t\t<\/div>\n\t\t<\/div>\n\t\t\t\t\t<\/div>\n\t\t<\/section>\n\t\t\t\t<section class=\"elementor-section elementor-top-section elementor-element elementor-element-3263be6 elementor-section-boxed elementor-section-height-default elementor-section-height-default\" data-id=\"3263be6\" data-element_type=\"section\">\n\t\t\t\t\t\t<div class=\"elementor-container elementor-column-gap-default\">\n\t\t\t\t\t<div class=\"elementor-column elementor-col-100 elementor-top-column elementor-element elementor-element-72a9199\" data-id=\"72a9199\" data-element_type=\"column\">\n\t\t\t<div class=\"elementor-widget-wrap elementor-element-populated\">\n\t\t\t\t\t\t<div class=\"elementor-element elementor-element-41edc0f elementor-widget elementor-widget-text-editor\" data-id=\"41edc0f\" data-element_type=\"widget\" data-widget_type=\"text-editor.default\">\n\t\t\t\t<div class=\"elementor-widget-container\">\n\t\t\t\t\t\t\t\t\t<p><strong>G. ALEXOPOULOS S.A<\/strong>.\u201c ist Mitglied von Groupauto Hellas, das zur Familie von Groupauto International geh\u00f6rt, einem der gr\u00f6\u00dften Vertriebsnetzwerke f\u00fcr Ersatzteile und Dienstleistungen f\u00fcr Personen- und Nutzfahrzeuge weltweit. Groupauto International ist ein aktives Mitglied der FIGIEFA (International Federation of Automotive Aftermarket Distributors) und tr\u00e4gt so gemeinsam dazu bei, den unabh\u00e4ngigen Ersatzteilmarkt stark und wettbewerbsf\u00e4hig zu halten.<\/p>\t\t\t\t\t\t\t\t<\/div>\n\t\t\t\t<\/div>\n\t\t\t\t\t<\/div>\n\t\t<\/div>\n\t\t\t\t\t<\/div>\n\t\t<\/section>\n\t\t\t\t<section class=\"elementor-section elementor-top-section elementor-element elementor-element-4185aaf elementor-section-boxed elementor-section-height-default elementor-section-height-default\" data-id=\"4185aaf\" data-element_type=\"section\">\n\t\t\t\t\t\t<div class=\"elementor-container elementor-column-gap-default\">\n\t\t\t\t\t<div class=\"elementor-column elementor-col-100 elementor-top-column elementor-element elementor-element-269e385\" data-id=\"269e385\" data-element_type=\"column\">\n\t\t\t<div class=\"elementor-widget-wrap elementor-element-populated\">\n\t\t\t\t\t\t<div class=\"elementor-element elementor-element-f3cffe4 elementor-widget elementor-widget-image\" data-id=\"f3cffe4\" data-element_type=\"widget\" data-widget_type=\"image.default\">\n\t\t\t\t<div class=\"elementor-widget-container\">\n\t\t\t\t\t\t\t\t\t\t\t\t\t\t\t<img decoding=\"async\" width=\"1024\" height=\"735\" src=\"https:\/\/pegasustruckparts.gr\/wp-content\/uploads\/2023\/09\/\u0395\u03c4\u03b1\u03b9\u03c1\u03af\u03b1-1-1024x735.jpg\" class=\"attachment-large size-large wp-image-115606\" alt=\"\" srcset=\"https:\/\/pegasustruckparts.gr\/wp-content\/uploads\/2023\/09\/\u0395\u03c4\u03b1\u03b9\u03c1\u03af\u03b1-1-1024x735.jpg 1024w, https:\/\/pegasustruckparts.gr\/wp-content\/uploads\/2023\/09\/\u0395\u03c4\u03b1\u03b9\u03c1\u03af\u03b1-1-300x215.jpg 300w, https:\/\/pegasustruckparts.gr\/wp-content\/uploads\/2023\/09\/\u0395\u03c4\u03b1\u03b9\u03c1\u03af\u03b1-1-768x551.jpg 768w, https:\/\/pegasustruckparts.gr\/wp-content\/uploads\/2023\/09\/\u0395\u03c4\u03b1\u03b9\u03c1\u03af\u03b1-1-1536x1102.jpg 1536w, https:\/\/pegasustruckparts.gr\/wp-content\/uploads\/2023\/09\/\u0395\u03c4\u03b1\u03b9\u03c1\u03af\u03b1-1-600x430.jpg 600w, https:\/\/pegasustruckparts.gr\/wp-content\/uploads\/2023\/09\/\u0395\u03c4\u03b1\u03b9\u03c1\u03af\u03b1-1.jpg 2048w\" sizes=\"(max-width: 1024px) 100vw, 1024px\" \/>\t\t\t\t\t\t\t\t\t\t\t\t\t\t\t<\/div>\n\t\t\t\t<\/div>\n\t\t\t\t\t<\/div>\n\t\t<\/div>\n\t\t\t\t\t<\/div>\n\t\t<\/section>\n\t\t\t\t<\/div>\n\t\t","protected":false},"excerpt":{"rendered":"<p>COMPANY G. ALEXOPOULOS S.A.\u201c wurde 1954 von Georgios Tzanidakis mit dem Hauptziel gegr\u00fcndet, den Bedarf an hochwertiger Kupplungs\u00fcberholung zu decken. Anfang der 2000er Jahre wurde das Unternehmen an die dritte Generation, an Georgios Alexopoulos, \u00fcbergeben und schaffte es in sehr kurzer Zeit, einen gro\u00dfen Marktanteil im Bereich der Nutzfahrzeug-Ersatzteile zu gewinnen. Heute bietet \u201eG. ALEXOPOULOS [&hellip;]<\/p>\n","protected":false},"author":1,"featured_media":0,"parent":0,"menu_order":0,"comment_status":"closed","ping_status":"closed","template":"","meta":{"_acf_changed":false,"site-sidebar-layout":"no-sidebar","site-content-layout":"page-builder","ast-site-content-layout":"full-width-container","site-content-style":"default","site-sidebar-style":"default","ast-global-header-display":"","ast-banner-title-visibility":"","ast-main-header-display":"","ast-hfb-above-header-display":"","ast-hfb-below-header-display":"","ast-hfb-mobile-header-display":"","site-post-title":"disabled","ast-breadcrumbs-content":"","ast-featured-img":"disabled","footer-sml-layout":"","theme-transparent-header-meta":"","adv-header-id-meta":"","stick-header-meta":"","header-above-stick-meta":"","header-main-stick-meta":"","header-below-stick-meta":"","astra-migrate-meta-layouts":"set","ast-page-background-enabled":"default","ast-page-background-meta":{"desktop":{"background-color":"var(--ast-global-color-4)","background-image":"","background-repeat":"repeat","background-position":"center center","background-size":"auto","background-attachment":"scroll","background-type":"","background-media":"","overlay-type":"","overlay-color":"","overlay-opacity":"","overlay-gradient":""},"tablet":{"background-color":"","background-image":"","background-repeat":"repeat","background-position":"center center","background-size":"auto","background-attachment":"scroll","background-type":"","background-media":"","overlay-type":"","overlay-color":"","overlay-opacity":"","overlay-gradient":""},"mobile":{"background-color":"","background-image":"","background-repeat":"repeat","background-position":"center center","background-size":"auto","background-attachment":"scroll","background-type":"","background-media":"","overlay-type":"","overlay-color":"","overlay-opacity":"","overlay-gradient":""}},"ast-content-background-meta":{"desktop":{"background-color":"var(--ast-global-color-5)","background-image":"","background-repeat":"repeat","background-position":"center center","background-size":"auto","background-attachment":"scroll","background-type":"","background-media":"","overlay-type":"","overlay-color":"","overlay-opacity":"","overlay-gradient":""},"tablet":{"background-color":"var(--ast-global-color-5)","background-image":"","background-repeat":"repeat","background-position":"center center","background-size":"auto","background-attachment":"scroll","background-type":"","background-media":"","overlay-type":"","overlay-color":"","overlay-opacity":"","overlay-gradient":""},"mobile":{"background-color":"var(--ast-global-color-5)","background-image":"","background-repeat":"repeat","background-position":"center center","background-size":"auto","background-attachment":"scroll","background-type":"","background-media":"","overlay-type":"","overlay-color":"","overlay-opacity":"","overlay-gradient":""}},"footnotes":""},"class_list":["post-115543","page","type-page","status-publish","hentry"],"acf":[],"yoast_head":"<!-- This site is optimized with the Yoast SEO plugin v26.0 - https:\/\/yoast.com\/wordpress\/plugins\/seo\/ -->\n<title>Unternehmen - Pegasus Truck Parts<\/title>\n<meta name=\"description\" content=\"\u0397 \u00ab\u0393. \u0391\u039b\u0395\u039e\u039f\u03a0\u039f\u03a5\u039b\u039f\u03a3 \u0391.\u0395.\u00bb \u03b1\u03c3\u03c7\u03bf\u03bb\u03b5\u03af\u03c4\u03b1\u03b9 \u03bc\u03b5 \u03c4\u03b7\u03bd \u03b5\u03b9\u03c3\u03b1\u03b3\u03c9\u03b3\u03ae \u03b1\u03bd\u03c4\u03b1\u03bb\u03bb\u03b1\u03ba\u03c4\u03b9\u03ba\u03ce\u03bd \u03b3\u03b9\u03b1 \u03c6\u03bf\u03c1\u03c4\u03ae\u03b3\u03b1 \u03b1\u03c0\u03cc \u03c4\u03bf\u03c5\u03c2 \u03bc\u03b5\u03b3\u03b1\u03bb\u03cd\u03c4\u03b5\u03c1\u03bf\u03c5\u03c2 \u03bf\u03af\u03ba\u03bf\u03c5\u03c2 \u03c4\u03bf\u03c5 \u03b5\u03be\u03c9\u03c4\u03b5\u03c1\u03b9\u03ba\u03bf\u03cd.\" \/>\n<meta name=\"robots\" content=\"index, follow, max-snippet:-1, max-image-preview:large, max-video-preview:-1\" \/>\n<link rel=\"canonical\" href=\"https:\/\/pegasustruckparts.gr\/de\/etairia\/\" \/>\n<meta property=\"og:locale\" content=\"de_DE\" \/>\n<meta property=\"og:type\" content=\"article\" \/>\n<meta property=\"og:title\" content=\"Unternehmen - Pegasus Truck Parts\" \/>\n<meta property=\"og:description\" content=\"\u0397 \u00ab\u0393. \u0391\u039b\u0395\u039e\u039f\u03a0\u039f\u03a5\u039b\u039f\u03a3 \u0391.\u0395.\u00bb \u03b1\u03c3\u03c7\u03bf\u03bb\u03b5\u03af\u03c4\u03b1\u03b9 \u03bc\u03b5 \u03c4\u03b7\u03bd \u03b5\u03b9\u03c3\u03b1\u03b3\u03c9\u03b3\u03ae \u03b1\u03bd\u03c4\u03b1\u03bb\u03bb\u03b1\u03ba\u03c4\u03b9\u03ba\u03ce\u03bd \u03b3\u03b9\u03b1 \u03c6\u03bf\u03c1\u03c4\u03ae\u03b3\u03b1 \u03b1\u03c0\u03cc \u03c4\u03bf\u03c5\u03c2 \u03bc\u03b5\u03b3\u03b1\u03bb\u03cd\u03c4\u03b5\u03c1\u03bf\u03c5\u03c2 \u03bf\u03af\u03ba\u03bf\u03c5\u03c2 \u03c4\u03bf\u03c5 \u03b5\u03be\u03c9\u03c4\u03b5\u03c1\u03b9\u03ba\u03bf\u03cd.\" \/>\n<meta property=\"og:url\" content=\"https:\/\/pegasustruckparts.gr\/de\/etairia\/\" \/>\n<meta property=\"og:site_name\" content=\"Pegasus Truck Parts\" \/>\n<meta property=\"article:modified_time\" content=\"2025-10-03T07:43:23+00:00\" \/>\n<meta name=\"twitter:card\" content=\"summary_large_image\" \/>\n<meta name=\"twitter:label1\" content=\"Gesch\u00e4tzte Lesezeit\" \/>\n\t<meta name=\"twitter:data1\" content=\"2\u00a0Minuten\" \/>\n<script type=\"application\/ld+json\" class=\"yoast-schema-graph\">{\"@context\":\"https:\/\/schema.org\",\"@graph\":[{\"@type\":\"WebPage\",\"@id\":\"https:\/\/pegasustruckparts.gr\/de\/etairia\/\",\"url\":\"https:\/\/pegasustruckparts.gr\/de\/etairia\/\",\"name\":\"Unternehmen - Pegasus Truck Parts\",\"isPartOf\":{\"@id\":\"https:\/\/pegasustruckparts.gr\/de\/#website\"},\"datePublished\":\"2023-09-12T18:26:58+00:00\",\"dateModified\":\"2025-10-03T07:43:23+00:00\",\"description\":\"\u0397 \u00ab\u0393. \u0391\u039b\u0395\u039e\u039f\u03a0\u039f\u03a5\u039b\u039f\u03a3 \u0391.\u0395.\u00bb \u03b1\u03c3\u03c7\u03bf\u03bb\u03b5\u03af\u03c4\u03b1\u03b9 \u03bc\u03b5 \u03c4\u03b7\u03bd \u03b5\u03b9\u03c3\u03b1\u03b3\u03c9\u03b3\u03ae \u03b1\u03bd\u03c4\u03b1\u03bb\u03bb\u03b1\u03ba\u03c4\u03b9\u03ba\u03ce\u03bd \u03b3\u03b9\u03b1 \u03c6\u03bf\u03c1\u03c4\u03ae\u03b3\u03b1 \u03b1\u03c0\u03cc \u03c4\u03bf\u03c5\u03c2 \u03bc\u03b5\u03b3\u03b1\u03bb\u03cd\u03c4\u03b5\u03c1\u03bf\u03c5\u03c2 \u03bf\u03af\u03ba\u03bf\u03c5\u03c2 \u03c4\u03bf\u03c5 \u03b5\u03be\u03c9\u03c4\u03b5\u03c1\u03b9\u03ba\u03bf\u03cd.\",\"breadcrumb\":{\"@id\":\"https:\/\/pegasustruckparts.gr\/de\/etairia\/#breadcrumb\"},\"inLanguage\":\"de\",\"potentialAction\":[{\"@type\":\"ReadAction\",\"target\":[\"https:\/\/pegasustruckparts.gr\/de\/etairia\/\"]}]},{\"@type\":\"BreadcrumbList\",\"@id\":\"https:\/\/pegasustruckparts.gr\/de\/etairia\/#breadcrumb\",\"itemListElement\":[{\"@type\":\"ListItem\",\"position\":1,\"name\":\"\u0391\u03c1\u03c7\u03b9\u03ba\u03ae\",\"item\":\"https:\/\/pegasustruckparts.gr\/de\/archiki\/\"},{\"@type\":\"ListItem\",\"position\":2,\"name\":\"Unternehmen\"}]},{\"@type\":\"WebSite\",\"@id\":\"https:\/\/pegasustruckparts.gr\/de\/#website\",\"url\":\"https:\/\/pegasustruckparts.gr\/de\/\",\"name\":\"Pegasus Truck Parts\",\"description\":\"\",\"publisher\":{\"@id\":\"https:\/\/pegasustruckparts.gr\/de\/#organization\"},\"potentialAction\":[{\"@type\":\"SearchAction\",\"target\":{\"@type\":\"EntryPoint\",\"urlTemplate\":\"https:\/\/pegasustruckparts.gr\/de\/?s={search_term_string}\"},\"query-input\":{\"@type\":\"PropertyValueSpecification\",\"valueRequired\":true,\"valueName\":\"search_term_string\"}}],\"inLanguage\":\"de\"},{\"@type\":\"Organization\",\"@id\":\"https:\/\/pegasustruckparts.gr\/de\/#organization\",\"name\":\"Pegasus Truck Parts\",\"url\":\"https:\/\/pegasustruckparts.gr\/de\/\",\"logo\":{\"@type\":\"ImageObject\",\"inLanguage\":\"de\",\"@id\":\"https:\/\/pegasustruckparts.gr\/de\/#\/schema\/logo\/image\/\",\"url\":\"https:\/\/pegasustruckparts.gr\/wp-content\/uploads\/2023\/07\/logotype-pegasus.svg\",\"contentUrl\":\"https:\/\/pegasustruckparts.gr\/wp-content\/uploads\/2023\/07\/logotype-pegasus.svg\",\"width\":208,\"height\":66,\"caption\":\"Pegasus Truck Parts\"},\"image\":{\"@id\":\"https:\/\/pegasustruckparts.gr\/de\/#\/schema\/logo\/image\/\"}}]}<\/script>\n<!-- \/ Yoast SEO plugin. -->","yoast_head_json":{"title":"Unternehmen - Pegasus Truck Parts","description":"\u0397 \u00ab\u0393. \u0391\u039b\u0395\u039e\u039f\u03a0\u039f\u03a5\u039b\u039f\u03a3 \u0391.\u0395.\u00bb \u03b1\u03c3\u03c7\u03bf\u03bb\u03b5\u03af\u03c4\u03b1\u03b9 \u03bc\u03b5 \u03c4\u03b7\u03bd \u03b5\u03b9\u03c3\u03b1\u03b3\u03c9\u03b3\u03ae \u03b1\u03bd\u03c4\u03b1\u03bb\u03bb\u03b1\u03ba\u03c4\u03b9\u03ba\u03ce\u03bd \u03b3\u03b9\u03b1 \u03c6\u03bf\u03c1\u03c4\u03ae\u03b3\u03b1 \u03b1\u03c0\u03cc \u03c4\u03bf\u03c5\u03c2 \u03bc\u03b5\u03b3\u03b1\u03bb\u03cd\u03c4\u03b5\u03c1\u03bf\u03c5\u03c2 \u03bf\u03af\u03ba\u03bf\u03c5\u03c2 \u03c4\u03bf\u03c5 \u03b5\u03be\u03c9\u03c4\u03b5\u03c1\u03b9\u03ba\u03bf\u03cd.","robots":{"index":"index","follow":"follow","max-snippet":"max-snippet:-1","max-image-preview":"max-image-preview:large","max-video-preview":"max-video-preview:-1"},"canonical":"https:\/\/pegasustruckparts.gr\/de\/etairia\/","og_locale":"de_DE","og_type":"article","og_title":"Unternehmen - Pegasus Truck Parts","og_description":"\u0397 \u00ab\u0393. \u0391\u039b\u0395\u039e\u039f\u03a0\u039f\u03a5\u039b\u039f\u03a3 \u0391.\u0395.\u00bb \u03b1\u03c3\u03c7\u03bf\u03bb\u03b5\u03af\u03c4\u03b1\u03b9 \u03bc\u03b5 \u03c4\u03b7\u03bd \u03b5\u03b9\u03c3\u03b1\u03b3\u03c9\u03b3\u03ae \u03b1\u03bd\u03c4\u03b1\u03bb\u03bb\u03b1\u03ba\u03c4\u03b9\u03ba\u03ce\u03bd \u03b3\u03b9\u03b1 \u03c6\u03bf\u03c1\u03c4\u03ae\u03b3\u03b1 \u03b1\u03c0\u03cc \u03c4\u03bf\u03c5\u03c2 \u03bc\u03b5\u03b3\u03b1\u03bb\u03cd\u03c4\u03b5\u03c1\u03bf\u03c5\u03c2 \u03bf\u03af\u03ba\u03bf\u03c5\u03c2 \u03c4\u03bf\u03c5 \u03b5\u03be\u03c9\u03c4\u03b5\u03c1\u03b9\u03ba\u03bf\u03cd.","og_url":"https:\/\/pegasustruckparts.gr\/de\/etairia\/","og_site_name":"Pegasus Truck Parts","article_modified_time":"2025-10-03T07:43:23+00:00","twitter_card":"summary_large_image","twitter_misc":{"Gesch\u00e4tzte Lesezeit":"2\u00a0Minuten"},"schema":{"@context":"https:\/\/schema.org","@graph":[{"@type":"WebPage","@id":"https:\/\/pegasustruckparts.gr\/de\/etairia\/","url":"https:\/\/pegasustruckparts.gr\/de\/etairia\/","name":"Unternehmen - Pegasus Truck Parts","isPartOf":{"@id":"https:\/\/pegasustruckparts.gr\/de\/#website"},"datePublished":"2023-09-12T18:26:58+00:00","dateModified":"2025-10-03T07:43:23+00:00","description":"\u0397 \u00ab\u0393. \u0391\u039b\u0395\u039e\u039f\u03a0\u039f\u03a5\u039b\u039f\u03a3 \u0391.\u0395.\u00bb \u03b1\u03c3\u03c7\u03bf\u03bb\u03b5\u03af\u03c4\u03b1\u03b9 \u03bc\u03b5 \u03c4\u03b7\u03bd \u03b5\u03b9\u03c3\u03b1\u03b3\u03c9\u03b3\u03ae \u03b1\u03bd\u03c4\u03b1\u03bb\u03bb\u03b1\u03ba\u03c4\u03b9\u03ba\u03ce\u03bd \u03b3\u03b9\u03b1 \u03c6\u03bf\u03c1\u03c4\u03ae\u03b3\u03b1 \u03b1\u03c0\u03cc \u03c4\u03bf\u03c5\u03c2 \u03bc\u03b5\u03b3\u03b1\u03bb\u03cd\u03c4\u03b5\u03c1\u03bf\u03c5\u03c2 \u03bf\u03af\u03ba\u03bf\u03c5\u03c2 \u03c4\u03bf\u03c5 \u03b5\u03be\u03c9\u03c4\u03b5\u03c1\u03b9\u03ba\u03bf\u03cd.","breadcrumb":{"@id":"https:\/\/pegasustruckparts.gr\/de\/etairia\/#breadcrumb"},"inLanguage":"de","potentialAction":[{"@type":"ReadAction","target":["https:\/\/pegasustruckparts.gr\/de\/etairia\/"]}]},{"@type":"BreadcrumbList","@id":"https:\/\/pegasustruckparts.gr\/de\/etairia\/#breadcrumb","itemListElement":[{"@type":"ListItem","position":1,"name":"\u0391\u03c1\u03c7\u03b9\u03ba\u03ae","item":"https:\/\/pegasustruckparts.gr\/de\/archiki\/"},{"@type":"ListItem","position":2,"name":"Unternehmen"}]},{"@type":"WebSite","@id":"https:\/\/pegasustruckparts.gr\/de\/#website","url":"https:\/\/pegasustruckparts.gr\/de\/","name":"Pegasus Truck Parts","description":"","publisher":{"@id":"https:\/\/pegasustruckparts.gr\/de\/#organization"},"potentialAction":[{"@type":"SearchAction","target":{"@type":"EntryPoint","urlTemplate":"https:\/\/pegasustruckparts.gr\/de\/?s={search_term_string}"},"query-input":{"@type":"PropertyValueSpecification","valueRequired":true,"valueName":"search_term_string"}}],"inLanguage":"de"},{"@type":"Organization","@id":"https:\/\/pegasustruckparts.gr\/de\/#organization","name":"Pegasus Truck Parts","url":"https:\/\/pegasustruckparts.gr\/de\/","logo":{"@type":"ImageObject","inLanguage":"de","@id":"https:\/\/pegasustruckparts.gr\/de\/#\/schema\/logo\/image\/","url":"https:\/\/pegasustruckparts.gr\/wp-content\/uploads\/2023\/07\/logotype-pegasus.svg","contentUrl":"https:\/\/pegasustruckparts.gr\/wp-content\/uploads\/2023\/07\/logotype-pegasus.svg","width":208,"height":66,"caption":"Pegasus Truck Parts"},"image":{"@id":"https:\/\/pegasustruckparts.gr\/de\/#\/schema\/logo\/image\/"}}]}},"_links":{"self":[{"href":"https:\/\/pegasustruckparts.gr\/de\/wp-json\/wp\/v2\/pages\/115543","targetHints":{"allow":["GET"]}}],"collection":[{"href":"https:\/\/pegasustruckparts.gr\/de\/wp-json\/wp\/v2\/pages"}],"about":[{"href":"https:\/\/pegasustruckparts.gr\/de\/wp-json\/wp\/v2\/types\/page"}],"author":[{"embeddable":true,"href":"https:\/\/pegasustruckparts.gr\/de\/wp-json\/wp\/v2\/users\/1"}],"replies":[{"embeddable":true,"href":"https:\/\/pegasustruckparts.gr\/de\/wp-json\/wp\/v2\/comments?post=115543"}],"version-history":[{"count":7,"href":"https:\/\/pegasustruckparts.gr\/de\/wp-json\/wp\/v2\/pages\/115543\/revisions"}],"predecessor-version":[{"id":115712,"href":"https:\/\/pegasustruckparts.gr\/de\/wp-json\/wp\/v2\/pages\/115543\/revisions\/115712"}],"wp:attachment":[{"href":"https:\/\/pegasustruckparts.gr\/de\/wp-json\/wp\/v2\/media?parent=115543"}],"curies":[{"name":"wp","href":"https:\/\/api.w.org\/{rel}","templated":true}]}}